{"id":76247,"date":"2022-05-25T10:40:21","date_gmt":"2022-05-25T08:40:21","guid":{"rendered":"https:\/\/alt.staatsbad.de\/verwaltung\/karriere\/"},"modified":"2025-11-14T16:59:21","modified_gmt":"2025-11-14T15:59:21","slug":"karriere","status":"publish","type":"page","link":"https:\/\/alt.staatsbad.de\/en\/verwaltung\/karriere\/","title":{"rendered":"career"},"content":{"rendered":"<p>Das Team im Bayerischen Staatsbad Bad Br\u00fcckenau braucht Ihre Unterst\u00fctzung. Wir freuen uns auf Ihre Bewerbung (m\/w\/d), wenn Sie eine Aufgabe als <strong><a href=\"https:\/\/alt.staatsbad.de\/wp-content\/uploads\/2023\/02\/Online-Stellenbeschreibung-ITler-.pdf\" target=\"_blank\" rel=\"noopener\">ITler<\/a> <\/strong>oder <strong><a href=\"https:\/\/alt.staatsbad.de\/wp-content\/uploads\/2023\/02\/Online-Stellenbeschreibung-Gaertner-gesucht-2023.pdf\" target=\"_blank\" rel=\"noopener\">G\u00e4rtner<\/a><\/strong> suchen. Sie suchen in 2023 eine neue Herausforderung? Unterst\u00fctzen Sie uns als <a href=\"https:\/\/alt.staatsbad.de\/wp-content\/uploads\/2023\/02\/Online-Stellenbeschreibung-Technischer-Mitarbeiter-.pdf\" target=\"_blank\" rel=\"noopener\"><strong>Technischer Mitarbeiter<\/strong><\/a> oder als <a href=\"https:\/\/alt.staatsbad.de\/wp-content\/uploads\/2023\/02\/Online-Stellenbeschreibung-Gaesteservice-.pdf\" target=\"_blank\" rel=\"noopener\"><strong>Mitarbeiter im G\u00e4steservice<\/strong><\/a>.<\/p>\n<p>Wir sind auf der Suche nach einem <strong>Bewirtungsservice<\/strong> bei unseren Veranstaltungen &#8211; ist das etwas f\u00fcr<a href=\"https:\/\/alt.staatsbad.de\/wp-content\/uploads\/2023\/01\/Ausschreibung-Bewirtung.pdf\" target=\"_blank\" rel=\"noopener\"> <strong>Sie<\/strong><\/a>?<\/p>\n<p>&nbsp;<\/p>\n<p>&nbsp;<\/p>\n","protected":false},"excerpt":{"rendered":"<p>Das Team im Bayerischen Staatsbad Bad Br\u00fcckenau braucht Ihre Unterst\u00fctzung. Wir freuen uns auf Ihre Bewerbung (m\/w\/d), wenn Sie eine Aufgabe als ITler oder G\u00e4rtner suchen. Sie suchen in 2023&#8230;<\/p>\n","protected":false},"author":1,"featured_media":0,"parent":76223,"menu_order":0,"comment_status":"closed","ping_status":"closed","template":"page-custom.php","meta":{"_acf_changed":false,"footnotes":""},"class_list":["post-76247","page","type-page","status-publish","hentry"],"acf":[],"yoast_head":"<!-- This site is optimized with the Yoast SEO plugin v26.5 - https:\/\/yoast.com\/wordpress\/plugins\/seo\/ -->\n<title>career | Staatsbad<\/title>\n<meta name=\"description\" content=\"Wir suchen: einen\/eine Bilanzbuchhalter\/in oder Steuerfachangestellte\/neinen P\u00e4chter f\u00fcr das Haus L\u00f6we und die Villa Widdereinen P\u00e4chter, der die Minigolfanlage ab der Saison 2024 f\u00fchrt\" \/>\n<meta name=\"robots\" content=\"index, follow, max-snippet:-1, max-image-preview:large, max-video-preview:-1\" \/>\n<link rel=\"canonical\" href=\"https:\/\/alt.staatsbad.de\/en\/verwaltung\/karriere\/\" \/>\n<meta property=\"og:locale\" content=\"en_US\" \/>\n<meta property=\"og:type\" content=\"article\" \/>\n<meta property=\"og:title\" content=\"career | Staatsbad\" \/>\n<meta property=\"og:description\" content=\"Wir suchen: einen\/eine Bilanzbuchhalter\/in oder Steuerfachangestellte\/neinen P\u00e4chter f\u00fcr das Haus L\u00f6we und die Villa Widdereinen P\u00e4chter, der die Minigolfanlage ab der Saison 2024 f\u00fchrt\" \/>\n<meta property=\"og:url\" content=\"https:\/\/alt.staatsbad.de\/en\/verwaltung\/karriere\/\" \/>\n<meta property=\"og:site_name\" content=\"Staatsbad\" \/>\n<meta property=\"article:modified_time\" content=\"2025-11-14T15:59:21+00:00\" \/>\n<meta name=\"twitter:card\" content=\"summary_large_image\" \/>\n<meta name=\"twitter:label1\" content=\"Est. reading time\" \/>\n\t<meta name=\"twitter:data1\" content=\"1 minute\" \/>\n<script type=\"application\/ld+json\" class=\"yoast-schema-graph\">{\"@context\":\"https:\/\/schema.org\",\"@graph\":[{\"@type\":\"WebPage\",\"@id\":\"https:\/\/alt.staatsbad.de\/en\/verwaltung\/karriere\/\",\"url\":\"https:\/\/alt.staatsbad.de\/en\/verwaltung\/karriere\/\",\"name\":\"career | Staatsbad\",\"isPartOf\":{\"@id\":\"https:\/\/alt.staatsbad.de\/#website\"},\"datePublished\":\"2022-05-25T08:40:21+00:00\",\"dateModified\":\"2025-11-14T15:59:21+00:00\",\"description\":\"Wir suchen: einen\/eine Bilanzbuchhalter\/in oder Steuerfachangestellte\/neinen P\u00e4chter f\u00fcr das Haus L\u00f6we und die Villa Widdereinen P\u00e4chter, der die Minigolfanlage ab der Saison 2024 f\u00fchrt\",\"breadcrumb\":{\"@id\":\"https:\/\/alt.staatsbad.de\/en\/verwaltung\/karriere\/#breadcrumb\"},\"inLanguage\":\"en-US\",\"potentialAction\":[{\"@type\":\"ReadAction\",\"target\":[\"https:\/\/alt.staatsbad.de\/en\/verwaltung\/karriere\/\"]}]},{\"@type\":\"BreadcrumbList\",\"@id\":\"https:\/\/alt.staatsbad.de\/en\/verwaltung\/karriere\/#breadcrumb\",\"itemListElement\":[{\"@type\":\"ListItem\",\"position\":1,\"name\":\"Startseite\",\"item\":\"https:\/\/alt.staatsbad.de\/en\/\"},{\"@type\":\"ListItem\",\"position\":2,\"name\":\"Administration\",\"item\":\"https:\/\/alt.staatsbad.de\/en\/verwaltung\/\"},{\"@type\":\"ListItem\",\"position\":3,\"name\":\"career\"}]},{\"@type\":\"WebSite\",\"@id\":\"https:\/\/alt.staatsbad.de\/#website\",\"url\":\"https:\/\/alt.staatsbad.de\/\",\"name\":\"Staatsbad\",\"description\":\"\",\"potentialAction\":[{\"@type\":\"SearchAction\",\"target\":{\"@type\":\"EntryPoint\",\"urlTemplate\":\"https:\/\/alt.staatsbad.de\/?s={search_term_string}\"},\"query-input\":{\"@type\":\"PropertyValueSpecification\",\"valueRequired\":true,\"valueName\":\"search_term_string\"}}],\"inLanguage\":\"en-US\"}]}<\/script>\n<!-- \/ Yoast SEO plugin. -->","yoast_head_json":{"title":"career | Staatsbad","description":"Wir suchen: einen\/eine Bilanzbuchhalter\/in oder Steuerfachangestellte\/neinen P\u00e4chter f\u00fcr das Haus L\u00f6we und die Villa Widdereinen P\u00e4chter, der die Minigolfanlage ab der Saison 2024 f\u00fchrt","robots":{"index":"index","follow":"follow","max-snippet":"max-snippet:-1","max-image-preview":"max-image-preview:large","max-video-preview":"max-video-preview:-1"},"canonical":"https:\/\/alt.staatsbad.de\/en\/verwaltung\/karriere\/","og_locale":"en_US","og_type":"article","og_title":"career | Staatsbad","og_description":"Wir suchen: einen\/eine Bilanzbuchhalter\/in oder Steuerfachangestellte\/neinen P\u00e4chter f\u00fcr das Haus L\u00f6we und die Villa Widdereinen P\u00e4chter, der die Minigolfanlage ab der Saison 2024 f\u00fchrt","og_url":"https:\/\/alt.staatsbad.de\/en\/verwaltung\/karriere\/","og_site_name":"Staatsbad","article_modified_time":"2025-11-14T15:59:21+00:00","twitter_card":"summary_large_image","twitter_misc":{"Est. reading time":"1 minute"},"schema":{"@context":"https:\/\/schema.org","@graph":[{"@type":"WebPage","@id":"https:\/\/alt.staatsbad.de\/en\/verwaltung\/karriere\/","url":"https:\/\/alt.staatsbad.de\/en\/verwaltung\/karriere\/","name":"career | Staatsbad","isPartOf":{"@id":"https:\/\/alt.staatsbad.de\/#website"},"datePublished":"2022-05-25T08:40:21+00:00","dateModified":"2025-11-14T15:59:21+00:00","description":"Wir suchen: einen\/eine Bilanzbuchhalter\/in oder Steuerfachangestellte\/neinen P\u00e4chter f\u00fcr das Haus L\u00f6we und die Villa Widdereinen P\u00e4chter, der die Minigolfanlage ab der Saison 2024 f\u00fchrt","breadcrumb":{"@id":"https:\/\/alt.staatsbad.de\/en\/verwaltung\/karriere\/#breadcrumb"},"inLanguage":"en-US","potentialAction":[{"@type":"ReadAction","target":["https:\/\/alt.staatsbad.de\/en\/verwaltung\/karriere\/"]}]},{"@type":"BreadcrumbList","@id":"https:\/\/alt.staatsbad.de\/en\/verwaltung\/karriere\/#breadcrumb","itemListElement":[{"@type":"ListItem","position":1,"name":"Startseite","item":"https:\/\/alt.staatsbad.de\/en\/"},{"@type":"ListItem","position":2,"name":"Administration","item":"https:\/\/alt.staatsbad.de\/en\/verwaltung\/"},{"@type":"ListItem","position":3,"name":"career"}]},{"@type":"WebSite","@id":"https:\/\/alt.staatsbad.de\/#website","url":"https:\/\/alt.staatsbad.de\/","name":"Staatsbad","description":"","potentialAction":[{"@type":"SearchAction","target":{"@type":"EntryPoint","urlTemplate":"https:\/\/alt.staatsbad.de\/?s={search_term_string}"},"query-input":{"@type":"PropertyValueSpecification","valueRequired":true,"valueName":"search_term_string"}}],"inLanguage":"en-US"}]}},"_links":{"self":[{"href":"https:\/\/alt.staatsbad.de\/en\/wp-json\/wp\/v2\/pages\/76247","targetHints":{"allow":["GET"]}}],"collection":[{"href":"https:\/\/alt.staatsbad.de\/en\/wp-json\/wp\/v2\/pages"}],"about":[{"href":"https:\/\/alt.staatsbad.de\/en\/wp-json\/wp\/v2\/types\/page"}],"author":[{"embeddable":true,"href":"https:\/\/alt.staatsbad.de\/en\/wp-json\/wp\/v2\/users\/1"}],"replies":[{"embeddable":true,"href":"https:\/\/alt.staatsbad.de\/en\/wp-json\/wp\/v2\/comments?post=76247"}],"version-history":[{"count":3,"href":"https:\/\/alt.staatsbad.de\/en\/wp-json\/wp\/v2\/pages\/76247\/revisions"}],"predecessor-version":[{"id":81879,"href":"https:\/\/alt.staatsbad.de\/en\/wp-json\/wp\/v2\/pages\/76247\/revisions\/81879"}],"up":[{"embeddable":true,"href":"https:\/\/alt.staatsbad.de\/en\/wp-json\/wp\/v2\/pages\/76223"}],"wp:attachment":[{"href":"https:\/\/alt.staatsbad.de\/en\/wp-json\/wp\/v2\/media?parent=76247"}],"curies":[{"name":"wp","href":"https:\/\/api.w.org\/{rel}","templated":true}]}}