{"id":72061,"date":"2022-03-10T08:17:30","date_gmt":"2022-03-10T07:17:30","guid":{"rendered":"https:\/\/alt.staatsbad.de\/reiseservice-gruppen\/"},"modified":"2025-11-14T16:55:50","modified_gmt":"2025-11-14T15:55:50","slug":"reiseservice-gruppen","status":"publish","type":"page","link":"https:\/\/alt.staatsbad.de\/en\/reiseservice-gruppen\/","title":{"rendered":"Group travel service"},"content":{"rendered":"<h2>REISESERVICE F\u00dcR GRUPPEN IN BAD BR\u00dcCKENAU<\/h2>\n<p class=\"bodytext\">Sie planen einen Ausflug, Kururlaub oder eine Ferienreise? Wir beraten Sie gerne, unterst\u00fctzen Sie mit Ideen, schn\u00fcren Ihnen ein individuelles Bad Br\u00fcckenauer Gruppenpaket und unterst\u00fctzen Sie bei der Organisation.<\/p>\n<p class=\"bodytext\"><!--more--><\/p>\n<ul>\n<li>G\u00e4stef\u00fchrungen durch das historische Staatsbad &#8220;auf k\u00f6niglichen Spuren&#8221;<\/li>\n<li>Gef\u00fchrte Wanderungen rund um Bad Br\u00fcckenau oder in der Rh\u00f6n<\/li>\n<li>Erlebnis im Deutschen Fahrradmuseum Bad Br\u00fcckenau<\/li>\n<li>Reisebegleitung in Ihrem Bus<\/li>\n<li>Organisation Ihres Ausflugs-, Tages- und Wochenprogramms<\/li>\n<li>Begleitung von Seminar- und Bildungsurlaubsangeboten, Workshops<\/li>\n<li>Ma\u00dfgeschneiderte Erlebnisprogramme f\u00fcr Gruppen, wie z.B. Betriebe, Vereine und Schulklassen<\/li>\n<\/ul>\n<p class=\"bodytext\">Unser Team in der G\u00e4ste-Information freut sich auf Ihren Anruf, Tel.: 09741 \/ 802-854.<\/p>\n","protected":false},"excerpt":{"rendered":"<p>REISESERVICE F\u00dcR GRUPPEN IN BAD BR\u00dcCKENAU Sie planen einen Ausflug, Kururlaub oder eine Ferienreise? Wir beraten Sie gerne, unterst\u00fctzen Sie mit Ideen, schn\u00fcren Ihnen ein individuelles Bad Br\u00fcckenauer Gruppenpaket und&#8230;<\/p>\n","protected":false},"author":2,"featured_media":0,"parent":0,"menu_order":0,"comment_status":"closed","ping_status":"closed","template":"page-custom.php","meta":{"_acf_changed":false,"footnotes":""},"class_list":["post-72061","page","type-page","status-publish","hentry"],"acf":[],"yoast_head":"<!-- This site is optimized with the Yoast SEO plugin v26.5 - https:\/\/yoast.com\/wordpress\/plugins\/seo\/ -->\n<title>Group travel service | Staatsbad<\/title>\n<meta name=\"robots\" content=\"index, follow, max-snippet:-1, max-image-preview:large, max-video-preview:-1\" \/>\n<link rel=\"canonical\" href=\"https:\/\/alt.staatsbad.de\/en\/reiseservice-gruppen\/\" \/>\n<meta property=\"og:locale\" content=\"en_US\" \/>\n<meta property=\"og:type\" content=\"article\" \/>\n<meta property=\"og:title\" content=\"Group travel service | Staatsbad\" \/>\n<meta property=\"og:description\" content=\"REISESERVICE F\u00dcR GRUPPEN IN BAD BR\u00dcCKENAU Sie planen einen Ausflug, Kururlaub oder eine Ferienreise? Wir beraten Sie gerne, unterst\u00fctzen Sie mit Ideen, schn\u00fcren Ihnen ein individuelles Bad Br\u00fcckenauer Gruppenpaket und...\" \/>\n<meta property=\"og:url\" content=\"https:\/\/alt.staatsbad.de\/en\/reiseservice-gruppen\/\" \/>\n<meta property=\"og:site_name\" content=\"Staatsbad\" \/>\n<meta property=\"article:modified_time\" content=\"2025-11-14T15:55:50+00:00\" \/>\n<meta name=\"twitter:card\" content=\"summary_large_image\" \/>\n<meta name=\"twitter:label1\" content=\"Est. reading time\" \/>\n\t<meta name=\"twitter:data1\" content=\"1 minute\" \/>\n<script type=\"application\/ld+json\" class=\"yoast-schema-graph\">{\"@context\":\"https:\/\/schema.org\",\"@graph\":[{\"@type\":\"WebPage\",\"@id\":\"https:\/\/alt.staatsbad.de\/en\/reiseservice-gruppen\/\",\"url\":\"https:\/\/alt.staatsbad.de\/en\/reiseservice-gruppen\/\",\"name\":\"Group travel service | Staatsbad\",\"isPartOf\":{\"@id\":\"https:\/\/alt.staatsbad.de\/#website\"},\"datePublished\":\"2022-03-10T07:17:30+00:00\",\"dateModified\":\"2025-11-14T15:55:50+00:00\",\"breadcrumb\":{\"@id\":\"https:\/\/alt.staatsbad.de\/en\/reiseservice-gruppen\/#breadcrumb\"},\"inLanguage\":\"en-US\",\"potentialAction\":[{\"@type\":\"ReadAction\",\"target\":[\"https:\/\/alt.staatsbad.de\/en\/reiseservice-gruppen\/\"]}]},{\"@type\":\"BreadcrumbList\",\"@id\":\"https:\/\/alt.staatsbad.de\/en\/reiseservice-gruppen\/#breadcrumb\",\"itemListElement\":[{\"@type\":\"ListItem\",\"position\":1,\"name\":\"Startseite\",\"item\":\"https:\/\/alt.staatsbad.de\/en\/\"},{\"@type\":\"ListItem\",\"position\":2,\"name\":\"Group travel service\"}]},{\"@type\":\"WebSite\",\"@id\":\"https:\/\/alt.staatsbad.de\/#website\",\"url\":\"https:\/\/alt.staatsbad.de\/\",\"name\":\"Staatsbad\",\"description\":\"\",\"potentialAction\":[{\"@type\":\"SearchAction\",\"target\":{\"@type\":\"EntryPoint\",\"urlTemplate\":\"https:\/\/alt.staatsbad.de\/?s={search_term_string}\"},\"query-input\":{\"@type\":\"PropertyValueSpecification\",\"valueRequired\":true,\"valueName\":\"search_term_string\"}}],\"inLanguage\":\"en-US\"}]}<\/script>\n<!-- \/ Yoast SEO plugin. -->","yoast_head_json":{"title":"Group travel service | Staatsbad","robots":{"index":"index","follow":"follow","max-snippet":"max-snippet:-1","max-image-preview":"max-image-preview:large","max-video-preview":"max-video-preview:-1"},"canonical":"https:\/\/alt.staatsbad.de\/en\/reiseservice-gruppen\/","og_locale":"en_US","og_type":"article","og_title":"Group travel service | Staatsbad","og_description":"REISESERVICE F\u00dcR GRUPPEN IN BAD BR\u00dcCKENAU Sie planen einen Ausflug, Kururlaub oder eine Ferienreise? Wir beraten Sie gerne, unterst\u00fctzen Sie mit Ideen, schn\u00fcren Ihnen ein individuelles Bad Br\u00fcckenauer Gruppenpaket und...","og_url":"https:\/\/alt.staatsbad.de\/en\/reiseservice-gruppen\/","og_site_name":"Staatsbad","article_modified_time":"2025-11-14T15:55:50+00:00","twitter_card":"summary_large_image","twitter_misc":{"Est. reading time":"1 minute"},"schema":{"@context":"https:\/\/schema.org","@graph":[{"@type":"WebPage","@id":"https:\/\/alt.staatsbad.de\/en\/reiseservice-gruppen\/","url":"https:\/\/alt.staatsbad.de\/en\/reiseservice-gruppen\/","name":"Group travel service | Staatsbad","isPartOf":{"@id":"https:\/\/alt.staatsbad.de\/#website"},"datePublished":"2022-03-10T07:17:30+00:00","dateModified":"2025-11-14T15:55:50+00:00","breadcrumb":{"@id":"https:\/\/alt.staatsbad.de\/en\/reiseservice-gruppen\/#breadcrumb"},"inLanguage":"en-US","potentialAction":[{"@type":"ReadAction","target":["https:\/\/alt.staatsbad.de\/en\/reiseservice-gruppen\/"]}]},{"@type":"BreadcrumbList","@id":"https:\/\/alt.staatsbad.de\/en\/reiseservice-gruppen\/#breadcrumb","itemListElement":[{"@type":"ListItem","position":1,"name":"Startseite","item":"https:\/\/alt.staatsbad.de\/en\/"},{"@type":"ListItem","position":2,"name":"Group travel service"}]},{"@type":"WebSite","@id":"https:\/\/alt.staatsbad.de\/#website","url":"https:\/\/alt.staatsbad.de\/","name":"Staatsbad","description":"","potentialAction":[{"@type":"SearchAction","target":{"@type":"EntryPoint","urlTemplate":"https:\/\/alt.staatsbad.de\/?s={search_term_string}"},"query-input":{"@type":"PropertyValueSpecification","valueRequired":true,"valueName":"search_term_string"}}],"inLanguage":"en-US"}]}},"_links":{"self":[{"href":"https:\/\/alt.staatsbad.de\/en\/wp-json\/wp\/v2\/pages\/72061","targetHints":{"allow":["GET"]}}],"collection":[{"href":"https:\/\/alt.staatsbad.de\/en\/wp-json\/wp\/v2\/pages"}],"about":[{"href":"https:\/\/alt.staatsbad.de\/en\/wp-json\/wp\/v2\/types\/page"}],"author":[{"embeddable":true,"href":"https:\/\/alt.staatsbad.de\/en\/wp-json\/wp\/v2\/users\/2"}],"replies":[{"embeddable":true,"href":"https:\/\/alt.staatsbad.de\/en\/wp-json\/wp\/v2\/comments?post=72061"}],"version-history":[{"count":4,"href":"https:\/\/alt.staatsbad.de\/en\/wp-json\/wp\/v2\/pages\/72061\/revisions"}],"predecessor-version":[{"id":81866,"href":"https:\/\/alt.staatsbad.de\/en\/wp-json\/wp\/v2\/pages\/72061\/revisions\/81866"}],"wp:attachment":[{"href":"https:\/\/alt.staatsbad.de\/en\/wp-json\/wp\/v2\/media?parent=72061"}],"curies":[{"name":"wp","href":"https:\/\/api.w.org\/{rel}","templated":true}]}}